{"id":3733,"date":"2022-06-21T19:32:11","date_gmt":"2022-06-21T17:32:11","guid":{"rendered":"http:\/\/www.galadrielgestin.com\/?post_type=product&#038;p=3733"},"modified":"2022-06-21T19:32:12","modified_gmt":"2022-06-21T17:32:12","slug":"1719-et-soudain-pour-seule-reponse-jai-devore-ses-fleurs-et-le-vase","status":"publish","type":"product","link":"https:\/\/www.galadrielgestin.com\/en\/product\/1719-et-soudain-pour-seule-reponse-jai-devore-ses-fleurs-et-le-vase\/","title":{"rendered":"1719-Et soudain pour seule r\u00e9ponse + j&rsquo;ai d\u00e9vor\u00e9 ses fleurs, et le vase."},"content":{"rendered":"","protected":false},"excerpt":{"rendered":"","protected":false},"featured_media":3724,"template":"","meta":[],"product_cat":[41],"product_tag":[],"class_list":["post-3733","product","type-product","status-publish","has-post-thumbnail","hentry","product_cat-non-classe"],"acf":[],"_links":{"self":[{"href":"https:\/\/www.galadrielgestin.com\/en\/wp-json\/wp\/v2\/product\/3733","targetHints":{"allow":["GET"]}}],"collection":[{"href":"https:\/\/www.galadrielgestin.com\/en\/wp-json\/wp\/v2\/product"}],"about":[{"href":"https:\/\/www.galadrielgestin.com\/en\/wp-json\/wp\/v2\/types\/product"}],"wp:featuredmedia":[{"embeddable":true,"href":"https:\/\/www.galadrielgestin.com\/en\/wp-json\/wp\/v2\/media\/3724"}],"wp:attachment":[{"href":"https:\/\/www.galadrielgestin.com\/en\/wp-json\/wp\/v2\/media?parent=3733"}],"wp:term":[{"taxonomy":"product_cat","embeddable":true,"href":"https:\/\/www.galadrielgestin.com\/en\/wp-json\/wp\/v2\/product_cat?post=3733"},{"taxonomy":"product_tag","embeddable":true,"href":"https:\/\/www.galadrielgestin.com\/en\/wp-json\/wp\/v2\/product_tag?post=3733"}],"curies":[{"name":"wp","href":"https:\/\/api.w.org\/{rel}","templated":true}]}}