{"id":3694,"date":"2022-06-21T16:39:57","date_gmt":"2022-06-21T14:39:57","guid":{"rendered":"http:\/\/www.galadrielgestin.com\/?post_type=product&#038;p=3694"},"modified":"2022-06-21T16:39:58","modified_gmt":"2022-06-21T14:39:58","slug":"1700-28-ans-a-lenvers-ou-les-yeux-grands-fermes-modele-k-c","status":"publish","type":"product","link":"https:\/\/www.galadrielgestin.com\/en\/product\/1700-28-ans-a-lenvers-ou-les-yeux-grands-fermes-modele-k-c\/","title":{"rendered":"1700-28 ans \u00e0 l&rsquo;envers ou les yeux grands ferm\u00e9s (mod\u00e8le K.C)"},"content":{"rendered":"","protected":false},"excerpt":{"rendered":"","protected":false},"featured_media":3681,"template":"","meta":[],"product_cat":[41],"product_tag":[],"class_list":["post-3694","product","type-product","status-publish","has-post-thumbnail","hentry","product_cat-non-classe"],"acf":[],"_links":{"self":[{"href":"https:\/\/www.galadrielgestin.com\/en\/wp-json\/wp\/v2\/product\/3694","targetHints":{"allow":["GET"]}}],"collection":[{"href":"https:\/\/www.galadrielgestin.com\/en\/wp-json\/wp\/v2\/product"}],"about":[{"href":"https:\/\/www.galadrielgestin.com\/en\/wp-json\/wp\/v2\/types\/product"}],"wp:featuredmedia":[{"embeddable":true,"href":"https:\/\/www.galadrielgestin.com\/en\/wp-json\/wp\/v2\/media\/3681"}],"wp:attachment":[{"href":"https:\/\/www.galadrielgestin.com\/en\/wp-json\/wp\/v2\/media?parent=3694"}],"wp:term":[{"taxonomy":"product_cat","embeddable":true,"href":"https:\/\/www.galadrielgestin.com\/en\/wp-json\/wp\/v2\/product_cat?post=3694"},{"taxonomy":"product_tag","embeddable":true,"href":"https:\/\/www.galadrielgestin.com\/en\/wp-json\/wp\/v2\/product_tag?post=3694"}],"curies":[{"name":"wp","href":"https:\/\/api.w.org\/{rel}","templated":true}]}}