{"id":3649,"date":"2022-06-21T14:30:05","date_gmt":"2022-06-21T12:30:05","guid":{"rendered":"http:\/\/www.galadrielgestin.com\/?post_type=product&#038;p=3649"},"modified":"2022-06-21T14:30:06","modified_gmt":"2022-06-21T12:30:06","slug":"1677-membre-fantome-et-fenetre-sur-lame","status":"publish","type":"product","link":"https:\/\/www.galadrielgestin.com\/en\/product\/1677-membre-fantome-et-fenetre-sur-lame\/","title":{"rendered":"1677-Membre fant\u00f4me et fen\u00eatre sur l&rsquo;\u00e2me"},"content":{"rendered":"","protected":false},"excerpt":{"rendered":"","protected":false},"featured_media":3642,"template":"","meta":[],"product_cat":[41],"product_tag":[],"class_list":["post-3649","product","type-product","status-publish","has-post-thumbnail","hentry","product_cat-non-classe"],"acf":[],"_links":{"self":[{"href":"https:\/\/www.galadrielgestin.com\/en\/wp-json\/wp\/v2\/product\/3649","targetHints":{"allow":["GET"]}}],"collection":[{"href":"https:\/\/www.galadrielgestin.com\/en\/wp-json\/wp\/v2\/product"}],"about":[{"href":"https:\/\/www.galadrielgestin.com\/en\/wp-json\/wp\/v2\/types\/product"}],"wp:featuredmedia":[{"embeddable":true,"href":"https:\/\/www.galadrielgestin.com\/en\/wp-json\/wp\/v2\/media\/3642"}],"wp:attachment":[{"href":"https:\/\/www.galadrielgestin.com\/en\/wp-json\/wp\/v2\/media?parent=3649"}],"wp:term":[{"taxonomy":"product_cat","embeddable":true,"href":"https:\/\/www.galadrielgestin.com\/en\/wp-json\/wp\/v2\/product_cat?post=3649"},{"taxonomy":"product_tag","embeddable":true,"href":"https:\/\/www.galadrielgestin.com\/en\/wp-json\/wp\/v2\/product_tag?post=3649"}],"curies":[{"name":"wp","href":"https:\/\/api.w.org\/{rel}","templated":true}]}}