{"id":3628,"date":"2022-06-21T13:47:23","date_gmt":"2022-06-21T11:47:23","guid":{"rendered":"http:\/\/www.galadrielgestin.com\/?post_type=product&#038;p=3628"},"modified":"2022-06-21T13:47:24","modified_gmt":"2022-06-21T11:47:24","slug":"1667-avec-son-aile-de-geante-piegee-dans-le-bitume","status":"publish","type":"product","link":"https:\/\/www.galadrielgestin.com\/en\/product\/1667-avec-son-aile-de-geante-piegee-dans-le-bitume\/","title":{"rendered":"1667-\u2026avec son aile de g\u00e9ante pi\u00e9g\u00e9e dans le bitume"},"content":{"rendered":"","protected":false},"excerpt":{"rendered":"","protected":false},"featured_media":3622,"template":"","meta":[],"product_cat":[41],"product_tag":[],"class_list":["post-3628","product","type-product","status-publish","has-post-thumbnail","hentry","product_cat-non-classe"],"acf":[],"_links":{"self":[{"href":"https:\/\/www.galadrielgestin.com\/en\/wp-json\/wp\/v2\/product\/3628","targetHints":{"allow":["GET"]}}],"collection":[{"href":"https:\/\/www.galadrielgestin.com\/en\/wp-json\/wp\/v2\/product"}],"about":[{"href":"https:\/\/www.galadrielgestin.com\/en\/wp-json\/wp\/v2\/types\/product"}],"wp:featuredmedia":[{"embeddable":true,"href":"https:\/\/www.galadrielgestin.com\/en\/wp-json\/wp\/v2\/media\/3622"}],"wp:attachment":[{"href":"https:\/\/www.galadrielgestin.com\/en\/wp-json\/wp\/v2\/media?parent=3628"}],"wp:term":[{"taxonomy":"product_cat","embeddable":true,"href":"https:\/\/www.galadrielgestin.com\/en\/wp-json\/wp\/v2\/product_cat?post=3628"},{"taxonomy":"product_tag","embeddable":true,"href":"https:\/\/www.galadrielgestin.com\/en\/wp-json\/wp\/v2\/product_tag?post=3628"}],"curies":[{"name":"wp","href":"https:\/\/api.w.org\/{rel}","templated":true}]}}