{"id":3380,"date":"2022-01-08T21:28:48","date_gmt":"2022-01-08T20:28:48","guid":{"rendered":"http:\/\/www.galadrielgestin.com\/?post_type=product&#038;p=3380"},"modified":"2022-01-08T21:28:49","modified_gmt":"2022-01-08T20:28:49","slug":"1568-il-joue-de-cette-vieille-guitare-avec-une-piece-trouvee-pres-du-telephone","status":"publish","type":"product","link":"https:\/\/www.galadrielgestin.com\/en\/product\/1568-il-joue-de-cette-vieille-guitare-avec-une-piece-trouvee-pres-du-telephone\/","title":{"rendered":"1568- Il joue de cette vieille guitare avec une pi\u00e8ce trouv\u00e9e pr\u00e8s du t\u00e9l\u00e9phone"},"content":{"rendered":"","protected":false},"excerpt":{"rendered":"","protected":false},"featured_media":3381,"template":"","meta":[],"product_cat":[41],"product_tag":[],"class_list":["post-3380","product","type-product","status-publish","has-post-thumbnail","hentry","product_cat-non-classe"],"acf":[],"_links":{"self":[{"href":"https:\/\/www.galadrielgestin.com\/en\/wp-json\/wp\/v2\/product\/3380","targetHints":{"allow":["GET"]}}],"collection":[{"href":"https:\/\/www.galadrielgestin.com\/en\/wp-json\/wp\/v2\/product"}],"about":[{"href":"https:\/\/www.galadrielgestin.com\/en\/wp-json\/wp\/v2\/types\/product"}],"wp:featuredmedia":[{"embeddable":true,"href":"https:\/\/www.galadrielgestin.com\/en\/wp-json\/wp\/v2\/media\/3381"}],"wp:attachment":[{"href":"https:\/\/www.galadrielgestin.com\/en\/wp-json\/wp\/v2\/media?parent=3380"}],"wp:term":[{"taxonomy":"product_cat","embeddable":true,"href":"https:\/\/www.galadrielgestin.com\/en\/wp-json\/wp\/v2\/product_cat?post=3380"},{"taxonomy":"product_tag","embeddable":true,"href":"https:\/\/www.galadrielgestin.com\/en\/wp-json\/wp\/v2\/product_tag?post=3380"}],"curies":[{"name":"wp","href":"https:\/\/api.w.org\/{rel}","templated":true}]}}