{"id":3341,"date":"2022-01-08T19:20:41","date_gmt":"2022-01-08T18:20:41","guid":{"rendered":"http:\/\/www.galadrielgestin.com\/?post_type=product&#038;p=3341"},"modified":"2022-01-08T19:20:42","modified_gmt":"2022-01-08T18:20:42","slug":"1550-exercice-demission-du-son-modele-lea","status":"publish","type":"product","link":"https:\/\/www.galadrielgestin.com\/en\/product\/1550-exercice-demission-du-son-modele-lea\/","title":{"rendered":"1550- Exercice d\u2019\u00e9mission du son (mod\u00e8le L\u00e9a)"},"content":{"rendered":"","protected":false},"excerpt":{"rendered":"","protected":false},"featured_media":3343,"template":"","meta":[],"product_cat":[41],"product_tag":[],"class_list":["post-3341","product","type-product","status-publish","has-post-thumbnail","hentry","product_cat-non-classe"],"acf":[],"_links":{"self":[{"href":"https:\/\/www.galadrielgestin.com\/en\/wp-json\/wp\/v2\/product\/3341","targetHints":{"allow":["GET"]}}],"collection":[{"href":"https:\/\/www.galadrielgestin.com\/en\/wp-json\/wp\/v2\/product"}],"about":[{"href":"https:\/\/www.galadrielgestin.com\/en\/wp-json\/wp\/v2\/types\/product"}],"wp:featuredmedia":[{"embeddable":true,"href":"https:\/\/www.galadrielgestin.com\/en\/wp-json\/wp\/v2\/media\/3343"}],"wp:attachment":[{"href":"https:\/\/www.galadrielgestin.com\/en\/wp-json\/wp\/v2\/media?parent=3341"}],"wp:term":[{"taxonomy":"product_cat","embeddable":true,"href":"https:\/\/www.galadrielgestin.com\/en\/wp-json\/wp\/v2\/product_cat?post=3341"},{"taxonomy":"product_tag","embeddable":true,"href":"https:\/\/www.galadrielgestin.com\/en\/wp-json\/wp\/v2\/product_tag?post=3341"}],"curies":[{"name":"wp","href":"https:\/\/api.w.org\/{rel}","templated":true}]}}