{"id":3339,"date":"2022-01-08T19:16:53","date_gmt":"2022-01-08T18:16:53","guid":{"rendered":"http:\/\/www.galadrielgestin.com\/?post_type=product&#038;p=3339"},"modified":"2022-01-08T19:16:54","modified_gmt":"2022-01-08T18:16:54","slug":"1549-vous-etes-dans-la-4-eme-dimension-modele-pat","status":"publish","type":"product","link":"https:\/\/www.galadrielgestin.com\/en\/product\/1549-vous-etes-dans-la-4-eme-dimension-modele-pat\/","title":{"rendered":"1549- Vous \u00eates dans la 4 \u00e8me dimension (mod\u00e8le Pat)"},"content":{"rendered":"","protected":false},"excerpt":{"rendered":"","protected":false},"featured_media":3340,"template":"","meta":[],"product_cat":[41],"product_tag":[],"class_list":["post-3339","product","type-product","status-publish","has-post-thumbnail","hentry","product_cat-non-classe"],"acf":[],"_links":{"self":[{"href":"https:\/\/www.galadrielgestin.com\/en\/wp-json\/wp\/v2\/product\/3339","targetHints":{"allow":["GET"]}}],"collection":[{"href":"https:\/\/www.galadrielgestin.com\/en\/wp-json\/wp\/v2\/product"}],"about":[{"href":"https:\/\/www.galadrielgestin.com\/en\/wp-json\/wp\/v2\/types\/product"}],"wp:featuredmedia":[{"embeddable":true,"href":"https:\/\/www.galadrielgestin.com\/en\/wp-json\/wp\/v2\/media\/3340"}],"wp:attachment":[{"href":"https:\/\/www.galadrielgestin.com\/en\/wp-json\/wp\/v2\/media?parent=3339"}],"wp:term":[{"taxonomy":"product_cat","embeddable":true,"href":"https:\/\/www.galadrielgestin.com\/en\/wp-json\/wp\/v2\/product_cat?post=3339"},{"taxonomy":"product_tag","embeddable":true,"href":"https:\/\/www.galadrielgestin.com\/en\/wp-json\/wp\/v2\/product_tag?post=3339"}],"curies":[{"name":"wp","href":"https:\/\/api.w.org\/{rel}","templated":true}]}}