{"id":3251,"date":"2022-01-07T21:48:14","date_gmt":"2022-01-07T20:48:14","guid":{"rendered":"http:\/\/www.galadrielgestin.com\/?post_type=product&#038;p=3251"},"modified":"2022-01-07T21:48:15","modified_gmt":"2022-01-07T20:48:15","slug":"1506-la-ou-je-commence-la-ou-tu-finis-la-ou-il-perd-le-controle","status":"publish","type":"product","link":"https:\/\/www.galadrielgestin.com\/en\/product\/1506-la-ou-je-commence-la-ou-tu-finis-la-ou-il-perd-le-controle\/","title":{"rendered":"1506- L\u00e0 o\u00f9 je commence, l\u00e0 o\u00f9 tu finis, l\u00e0 o\u00f9 il perd le contr\u00f4le"},"content":{"rendered":"","protected":false},"excerpt":{"rendered":"","protected":false},"featured_media":3252,"template":"","meta":[],"product_cat":[41],"product_tag":[],"class_list":["post-3251","product","type-product","status-publish","has-post-thumbnail","hentry","product_cat-non-classe"],"acf":[],"_links":{"self":[{"href":"https:\/\/www.galadrielgestin.com\/en\/wp-json\/wp\/v2\/product\/3251","targetHints":{"allow":["GET"]}}],"collection":[{"href":"https:\/\/www.galadrielgestin.com\/en\/wp-json\/wp\/v2\/product"}],"about":[{"href":"https:\/\/www.galadrielgestin.com\/en\/wp-json\/wp\/v2\/types\/product"}],"wp:featuredmedia":[{"embeddable":true,"href":"https:\/\/www.galadrielgestin.com\/en\/wp-json\/wp\/v2\/media\/3252"}],"wp:attachment":[{"href":"https:\/\/www.galadrielgestin.com\/en\/wp-json\/wp\/v2\/media?parent=3251"}],"wp:term":[{"taxonomy":"product_cat","embeddable":true,"href":"https:\/\/www.galadrielgestin.com\/en\/wp-json\/wp\/v2\/product_cat?post=3251"},{"taxonomy":"product_tag","embeddable":true,"href":"https:\/\/www.galadrielgestin.com\/en\/wp-json\/wp\/v2\/product_tag?post=3251"}],"curies":[{"name":"wp","href":"https:\/\/api.w.org\/{rel}","templated":true}]}}