{"id":3205,"date":"2022-01-07T19:48:43","date_gmt":"2022-01-07T18:48:43","guid":{"rendered":"http:\/\/www.galadrielgestin.com\/?post_type=product&#038;p=3205"},"modified":"2022-01-07T19:48:44","modified_gmt":"2022-01-07T18:48:44","slug":"1483-ici-tout-va-bien-mais-dans-la-realite-da-cote-les-garcons-ont-bien-brise-la-lampe","status":"publish","type":"product","link":"https:\/\/www.galadrielgestin.com\/en\/product\/1483-ici-tout-va-bien-mais-dans-la-realite-da-cote-les-garcons-ont-bien-brise-la-lampe\/","title":{"rendered":"1483- Ici tout va bien mais dans la r\u00e9alit\u00e9 d\u2019\u00e0 c\u00f4t\u00e9 les gar\u00e7ons ont bien bris\u00e9 la lampe"},"content":{"rendered":"","protected":false},"excerpt":{"rendered":"","protected":false},"featured_media":3206,"template":"","meta":[],"product_cat":[41],"product_tag":[],"class_list":["post-3205","product","type-product","status-publish","has-post-thumbnail","hentry","product_cat-non-classe"],"acf":[],"_links":{"self":[{"href":"https:\/\/www.galadrielgestin.com\/en\/wp-json\/wp\/v2\/product\/3205","targetHints":{"allow":["GET"]}}],"collection":[{"href":"https:\/\/www.galadrielgestin.com\/en\/wp-json\/wp\/v2\/product"}],"about":[{"href":"https:\/\/www.galadrielgestin.com\/en\/wp-json\/wp\/v2\/types\/product"}],"wp:featuredmedia":[{"embeddable":true,"href":"https:\/\/www.galadrielgestin.com\/en\/wp-json\/wp\/v2\/media\/3206"}],"wp:attachment":[{"href":"https:\/\/www.galadrielgestin.com\/en\/wp-json\/wp\/v2\/media?parent=3205"}],"wp:term":[{"taxonomy":"product_cat","embeddable":true,"href":"https:\/\/www.galadrielgestin.com\/en\/wp-json\/wp\/v2\/product_cat?post=3205"},{"taxonomy":"product_tag","embeddable":true,"href":"https:\/\/www.galadrielgestin.com\/en\/wp-json\/wp\/v2\/product_tag?post=3205"}],"curies":[{"name":"wp","href":"https:\/\/api.w.org\/{rel}","templated":true}]}}