{"id":3124,"date":"2021-07-21T01:20:16","date_gmt":"2021-07-20T23:20:16","guid":{"rendered":"http:\/\/www.galadrielgestin.com\/?post_type=product&#038;p=3124"},"modified":"2021-07-21T01:20:17","modified_gmt":"2021-07-20T23:20:17","slug":"1427-bonbon-gout-colere-modele-son-acrylique-sur-papier297cm-21cm","status":"publish","type":"product","link":"https:\/\/www.galadrielgestin.com\/en\/product\/1427-bonbon-gout-colere-modele-son-acrylique-sur-papier297cm-21cm\/","title":{"rendered":"1427-Bonbon go\u00fbt col\u00e8re (mod\u00e8le Son- acrylique sur papier(29,7cm.21cm)"},"content":{"rendered":"","protected":false},"excerpt":{"rendered":"","protected":false},"featured_media":3125,"template":"","meta":[],"product_cat":[41],"product_tag":[],"class_list":["post-3124","product","type-product","status-publish","has-post-thumbnail","hentry","product_cat-non-classe"],"acf":[],"_links":{"self":[{"href":"https:\/\/www.galadrielgestin.com\/en\/wp-json\/wp\/v2\/product\/3124","targetHints":{"allow":["GET"]}}],"collection":[{"href":"https:\/\/www.galadrielgestin.com\/en\/wp-json\/wp\/v2\/product"}],"about":[{"href":"https:\/\/www.galadrielgestin.com\/en\/wp-json\/wp\/v2\/types\/product"}],"wp:featuredmedia":[{"embeddable":true,"href":"https:\/\/www.galadrielgestin.com\/en\/wp-json\/wp\/v2\/media\/3125"}],"wp:attachment":[{"href":"https:\/\/www.galadrielgestin.com\/en\/wp-json\/wp\/v2\/media?parent=3124"}],"wp:term":[{"taxonomy":"product_cat","embeddable":true,"href":"https:\/\/www.galadrielgestin.com\/en\/wp-json\/wp\/v2\/product_cat?post=3124"},{"taxonomy":"product_tag","embeddable":true,"href":"https:\/\/www.galadrielgestin.com\/en\/wp-json\/wp\/v2\/product_tag?post=3124"}],"curies":[{"name":"wp","href":"https:\/\/api.w.org\/{rel}","templated":true}]}}