{"id":3116,"date":"2021-07-21T01:06:30","date_gmt":"2021-07-20T23:06:30","guid":{"rendered":"http:\/\/www.galadrielgestin.com\/?post_type=product&#038;p=3116"},"modified":"2021-07-21T01:06:31","modified_gmt":"2021-07-20T23:06:31","slug":"1428-juste-pour-etre-la-modele-m-n-acrylique-sur-papier-297cm-21cm","status":"publish","type":"product","link":"https:\/\/www.galadrielgestin.com\/en\/product\/1428-juste-pour-etre-la-modele-m-n-acrylique-sur-papier-297cm-21cm\/","title":{"rendered":"1428-Juste pour \u00eatre l\u00e0 (mod\u00e8le M.N- acrylique sur papier- 29,7cm.21cm)"},"content":{"rendered":"","protected":false},"excerpt":{"rendered":"","protected":false},"featured_media":3117,"template":"","meta":[],"product_cat":[41],"product_tag":[],"class_list":["post-3116","product","type-product","status-publish","has-post-thumbnail","hentry","product_cat-non-classe"],"acf":[],"_links":{"self":[{"href":"https:\/\/www.galadrielgestin.com\/en\/wp-json\/wp\/v2\/product\/3116","targetHints":{"allow":["GET"]}}],"collection":[{"href":"https:\/\/www.galadrielgestin.com\/en\/wp-json\/wp\/v2\/product"}],"about":[{"href":"https:\/\/www.galadrielgestin.com\/en\/wp-json\/wp\/v2\/types\/product"}],"wp:featuredmedia":[{"embeddable":true,"href":"https:\/\/www.galadrielgestin.com\/en\/wp-json\/wp\/v2\/media\/3117"}],"wp:attachment":[{"href":"https:\/\/www.galadrielgestin.com\/en\/wp-json\/wp\/v2\/media?parent=3116"}],"wp:term":[{"taxonomy":"product_cat","embeddable":true,"href":"https:\/\/www.galadrielgestin.com\/en\/wp-json\/wp\/v2\/product_cat?post=3116"},{"taxonomy":"product_tag","embeddable":true,"href":"https:\/\/www.galadrielgestin.com\/en\/wp-json\/wp\/v2\/product_tag?post=3116"}],"curies":[{"name":"wp","href":"https:\/\/api.w.org\/{rel}","templated":true}]}}