{"id":3094,"date":"2021-07-20T22:16:44","date_gmt":"2021-07-20T20:16:44","guid":{"rendered":"http:\/\/www.galadrielgestin.com\/?post_type=product&#038;p=3094"},"modified":"2021-07-20T22:16:44","modified_gmt":"2021-07-20T20:16:44","slug":"1435-ou-tu-tarretes-et-ou-je-commence-modele-anna-acrylique-sur-carton","status":"publish","type":"product","link":"https:\/\/www.galadrielgestin.com\/en\/product\/1435-ou-tu-tarretes-et-ou-je-commence-modele-anna-acrylique-sur-carton\/","title":{"rendered":"1435-O\u00f9 tu t\u2019arr\u00eates et o\u00f9 je commence (mod\u00e8le Anna- acrylique sur carton)"},"content":{"rendered":"","protected":false},"excerpt":{"rendered":"","protected":false},"featured_media":3095,"template":"","meta":[],"product_cat":[41],"product_tag":[],"class_list":["post-3094","product","type-product","status-publish","has-post-thumbnail","hentry","product_cat-non-classe"],"acf":[],"_links":{"self":[{"href":"https:\/\/www.galadrielgestin.com\/en\/wp-json\/wp\/v2\/product\/3094","targetHints":{"allow":["GET"]}}],"collection":[{"href":"https:\/\/www.galadrielgestin.com\/en\/wp-json\/wp\/v2\/product"}],"about":[{"href":"https:\/\/www.galadrielgestin.com\/en\/wp-json\/wp\/v2\/types\/product"}],"wp:featuredmedia":[{"embeddable":true,"href":"https:\/\/www.galadrielgestin.com\/en\/wp-json\/wp\/v2\/media\/3095"}],"wp:attachment":[{"href":"https:\/\/www.galadrielgestin.com\/en\/wp-json\/wp\/v2\/media?parent=3094"}],"wp:term":[{"taxonomy":"product_cat","embeddable":true,"href":"https:\/\/www.galadrielgestin.com\/en\/wp-json\/wp\/v2\/product_cat?post=3094"},{"taxonomy":"product_tag","embeddable":true,"href":"https:\/\/www.galadrielgestin.com\/en\/wp-json\/wp\/v2\/product_tag?post=3094"}],"curies":[{"name":"wp","href":"https:\/\/api.w.org\/{rel}","templated":true}]}}