{"id":3069,"date":"2021-06-19T00:22:55","date_gmt":"2021-06-18T22:22:55","guid":{"rendered":"http:\/\/www.galadrielgestin.com\/?post_type=product&#038;p=3069"},"modified":"2021-06-19T00:23:05","modified_gmt":"2021-06-18T22:23:05","slug":"1417-deborah-modele-deborah-acrylique-sur-papier-297cm-21cm","status":"publish","type":"product","link":"https:\/\/www.galadrielgestin.com\/en\/product\/1417-deborah-modele-deborah-acrylique-sur-papier-297cm-21cm\/","title":{"rendered":"1417-D\u00e9borah (mod\u00e8le D\u00e9borah) -Acrylique sur papier (29,7cm.21cm)"},"content":{"rendered":"","protected":false},"excerpt":{"rendered":"","protected":false},"featured_media":3070,"template":"","meta":[],"product_cat":[41],"product_tag":[],"class_list":["post-3069","product","type-product","status-publish","has-post-thumbnail","hentry","product_cat-non-classe"],"acf":[],"_links":{"self":[{"href":"https:\/\/www.galadrielgestin.com\/en\/wp-json\/wp\/v2\/product\/3069","targetHints":{"allow":["GET"]}}],"collection":[{"href":"https:\/\/www.galadrielgestin.com\/en\/wp-json\/wp\/v2\/product"}],"about":[{"href":"https:\/\/www.galadrielgestin.com\/en\/wp-json\/wp\/v2\/types\/product"}],"wp:featuredmedia":[{"embeddable":true,"href":"https:\/\/www.galadrielgestin.com\/en\/wp-json\/wp\/v2\/media\/3070"}],"wp:attachment":[{"href":"https:\/\/www.galadrielgestin.com\/en\/wp-json\/wp\/v2\/media?parent=3069"}],"wp:term":[{"taxonomy":"product_cat","embeddable":true,"href":"https:\/\/www.galadrielgestin.com\/en\/wp-json\/wp\/v2\/product_cat?post=3069"},{"taxonomy":"product_tag","embeddable":true,"href":"https:\/\/www.galadrielgestin.com\/en\/wp-json\/wp\/v2\/product_tag?post=3069"}],"curies":[{"name":"wp","href":"https:\/\/api.w.org\/{rel}","templated":true}]}}