{"id":3049,"date":"2021-06-18T23:48:50","date_gmt":"2021-06-18T21:48:50","guid":{"rendered":"http:\/\/www.galadrielgestin.com\/?post_type=product&#038;p=3049"},"modified":"2021-06-18T23:48:51","modified_gmt":"2021-06-18T21:48:51","slug":"1407-persistance-retinienne-residuelle-modele-manonacrylique-sur-papier29-7cm-x-21cm","status":"publish","type":"product","link":"https:\/\/www.galadrielgestin.com\/en\/product\/1407-persistance-retinienne-residuelle-modele-manonacrylique-sur-papier29-7cm-x-21cm\/","title":{"rendered":"1407-Persistance r\u00e9tinienne r\u00e9siduelle (mod\u00e8le Manon(acrylique sur papier(29.7cm x 21cm)"},"content":{"rendered":"","protected":false},"excerpt":{"rendered":"","protected":false},"featured_media":3050,"template":"","meta":[],"product_cat":[41],"product_tag":[],"class_list":["post-3049","product","type-product","status-publish","has-post-thumbnail","hentry","product_cat-non-classe"],"acf":[],"_links":{"self":[{"href":"https:\/\/www.galadrielgestin.com\/en\/wp-json\/wp\/v2\/product\/3049","targetHints":{"allow":["GET"]}}],"collection":[{"href":"https:\/\/www.galadrielgestin.com\/en\/wp-json\/wp\/v2\/product"}],"about":[{"href":"https:\/\/www.galadrielgestin.com\/en\/wp-json\/wp\/v2\/types\/product"}],"wp:featuredmedia":[{"embeddable":true,"href":"https:\/\/www.galadrielgestin.com\/en\/wp-json\/wp\/v2\/media\/3050"}],"wp:attachment":[{"href":"https:\/\/www.galadrielgestin.com\/en\/wp-json\/wp\/v2\/media?parent=3049"}],"wp:term":[{"taxonomy":"product_cat","embeddable":true,"href":"https:\/\/www.galadrielgestin.com\/en\/wp-json\/wp\/v2\/product_cat?post=3049"},{"taxonomy":"product_tag","embeddable":true,"href":"https:\/\/www.galadrielgestin.com\/en\/wp-json\/wp\/v2\/product_tag?post=3049"}],"curies":[{"name":"wp","href":"https:\/\/api.w.org\/{rel}","templated":true}]}}