{"id":2982,"date":"2021-05-15T19:16:25","date_gmt":"2021-05-15T17:16:25","guid":{"rendered":"http:\/\/www.galadrielgestin.com\/?post_type=product&#038;p=2982"},"modified":"2021-05-15T19:16:26","modified_gmt":"2021-05-15T17:16:26","slug":"1372-tete-rouilleemodele-margot-et-pat","status":"publish","type":"product","link":"https:\/\/www.galadrielgestin.com\/en\/product\/1372-tete-rouilleemodele-margot-et-pat\/","title":{"rendered":"1372-T\u00eate rouill\u00e9e(mod\u00e8le Margot et Pat)"},"content":{"rendered":"","protected":false},"excerpt":{"rendered":"","protected":false},"featured_media":2983,"template":"","meta":[],"product_cat":[41],"product_tag":[],"class_list":["post-2982","product","type-product","status-publish","has-post-thumbnail","hentry","product_cat-non-classe"],"acf":[],"_links":{"self":[{"href":"https:\/\/www.galadrielgestin.com\/en\/wp-json\/wp\/v2\/product\/2982","targetHints":{"allow":["GET"]}}],"collection":[{"href":"https:\/\/www.galadrielgestin.com\/en\/wp-json\/wp\/v2\/product"}],"about":[{"href":"https:\/\/www.galadrielgestin.com\/en\/wp-json\/wp\/v2\/types\/product"}],"wp:featuredmedia":[{"embeddable":true,"href":"https:\/\/www.galadrielgestin.com\/en\/wp-json\/wp\/v2\/media\/2983"}],"wp:attachment":[{"href":"https:\/\/www.galadrielgestin.com\/en\/wp-json\/wp\/v2\/media?parent=2982"}],"wp:term":[{"taxonomy":"product_cat","embeddable":true,"href":"https:\/\/www.galadrielgestin.com\/en\/wp-json\/wp\/v2\/product_cat?post=2982"},{"taxonomy":"product_tag","embeddable":true,"href":"https:\/\/www.galadrielgestin.com\/en\/wp-json\/wp\/v2\/product_tag?post=2982"}],"curies":[{"name":"wp","href":"https:\/\/api.w.org\/{rel}","templated":true}]}}