{"id":2794,"date":"2020-08-06T11:16:35","date_gmt":"2020-08-06T09:16:35","guid":{"rendered":"http:\/\/www.galadrielgestin.com\/?post_type=product&#038;p=2794"},"modified":"2020-08-06T11:16:36","modified_gmt":"2020-08-06T09:16:36","slug":"801-alors-me-dit-elle-et-si-tu-me-parlais-de-ces-voix-il-me-fallu-ny-avait-personne-et-la-fenetre-etait-fermee-de-linterieur","status":"publish","type":"product","link":"https:\/\/www.galadrielgestin.com\/en\/product\/801-alors-me-dit-elle-et-si-tu-me-parlais-de-ces-voix-il-me-fallu-ny-avait-personne-et-la-fenetre-etait-fermee-de-linterieur\/","title":{"rendered":"801-Alors me dit-elle&#8230;et si tu me parlais de ces voix. Il me fallu n&rsquo;y avait personne et la fen\u00eatre \u00e9tait ferm\u00e9e de l&rsquo;int\u00e9rieur"},"content":{"rendered":"","protected":false},"excerpt":{"rendered":"","protected":false},"featured_media":2795,"template":"","meta":[],"product_cat":[41],"product_tag":[],"class_list":["post-2794","product","type-product","status-publish","has-post-thumbnail","hentry","product_cat-non-classe"],"acf":[],"_links":{"self":[{"href":"https:\/\/www.galadrielgestin.com\/en\/wp-json\/wp\/v2\/product\/2794","targetHints":{"allow":["GET"]}}],"collection":[{"href":"https:\/\/www.galadrielgestin.com\/en\/wp-json\/wp\/v2\/product"}],"about":[{"href":"https:\/\/www.galadrielgestin.com\/en\/wp-json\/wp\/v2\/types\/product"}],"wp:featuredmedia":[{"embeddable":true,"href":"https:\/\/www.galadrielgestin.com\/en\/wp-json\/wp\/v2\/media\/2795"}],"wp:attachment":[{"href":"https:\/\/www.galadrielgestin.com\/en\/wp-json\/wp\/v2\/media?parent=2794"}],"wp:term":[{"taxonomy":"product_cat","embeddable":true,"href":"https:\/\/www.galadrielgestin.com\/en\/wp-json\/wp\/v2\/product_cat?post=2794"},{"taxonomy":"product_tag","embeddable":true,"href":"https:\/\/www.galadrielgestin.com\/en\/wp-json\/wp\/v2\/product_tag?post=2794"}],"curies":[{"name":"wp","href":"https:\/\/api.w.org\/{rel}","templated":true}]}}