{"id":2786,"date":"2020-08-06T11:01:09","date_gmt":"2020-08-06T09:01:09","guid":{"rendered":"http:\/\/www.galadrielgestin.com\/?post_type=product&#038;p=2786"},"modified":"2020-08-06T11:03:20","modified_gmt":"2020-08-06T09:03:20","slug":"755-elle-a-vole-les-clefs-de-ma-maison-sest-enfermee-a-linterieur-et-quand-je-colle-mon-oreille-a-la-serrure-jentends-detranges-bruits-mouilles","status":"publish","type":"product","link":"https:\/\/www.galadrielgestin.com\/en\/product\/755-elle-a-vole-les-clefs-de-ma-maison-sest-enfermee-a-linterieur-et-quand-je-colle-mon-oreille-a-la-serrure-jentends-detranges-bruits-mouilles\/","title":{"rendered":"755-Elle a vol\u00e9 les clefs de ma maison, s&rsquo;est enferm\u00e9e \u00e0 l&rsquo;int\u00e9rieur et quand je colle mon oreille \u00e0 la serrure j&rsquo;entends  d&rsquo;\u00e9tranges bruits mouill\u00e9s"},"content":{"rendered":"","protected":false},"excerpt":{"rendered":"","protected":false},"featured_media":2787,"template":"","meta":[],"product_cat":[41],"product_tag":[],"class_list":["post-2786","product","type-product","status-publish","has-post-thumbnail","hentry","product_cat-non-classe"],"acf":[],"_links":{"self":[{"href":"https:\/\/www.galadrielgestin.com\/en\/wp-json\/wp\/v2\/product\/2786","targetHints":{"allow":["GET"]}}],"collection":[{"href":"https:\/\/www.galadrielgestin.com\/en\/wp-json\/wp\/v2\/product"}],"about":[{"href":"https:\/\/www.galadrielgestin.com\/en\/wp-json\/wp\/v2\/types\/product"}],"wp:featuredmedia":[{"embeddable":true,"href":"https:\/\/www.galadrielgestin.com\/en\/wp-json\/wp\/v2\/media\/2787"}],"wp:attachment":[{"href":"https:\/\/www.galadrielgestin.com\/en\/wp-json\/wp\/v2\/media?parent=2786"}],"wp:term":[{"taxonomy":"product_cat","embeddable":true,"href":"https:\/\/www.galadrielgestin.com\/en\/wp-json\/wp\/v2\/product_cat?post=2786"},{"taxonomy":"product_tag","embeddable":true,"href":"https:\/\/www.galadrielgestin.com\/en\/wp-json\/wp\/v2\/product_tag?post=2786"}],"curies":[{"name":"wp","href":"https:\/\/api.w.org\/{rel}","templated":true}]}}