{"id":2753,"date":"2020-08-04T12:09:19","date_gmt":"2020-08-04T10:09:19","guid":{"rendered":"http:\/\/www.galadrielgestin.com\/?post_type=product&#038;p=2753"},"modified":"2020-08-04T12:09:20","modified_gmt":"2020-08-04T10:09:20","slug":"798-il-ne-rentrera-pascomme-un-gout-de-brule-a-linterieur-de-la-joue","status":"publish","type":"product","link":"https:\/\/www.galadrielgestin.com\/en\/product\/798-il-ne-rentrera-pascomme-un-gout-de-brule-a-linterieur-de-la-joue\/","title":{"rendered":"798-Il ne rentrera pas+comme un go\u00fbt de br\u00fbl\u00e9 \u00e0 l&rsquo;int\u00e9rieur de la joue"},"content":{"rendered":"","protected":false},"excerpt":{"rendered":"","protected":false},"featured_media":2754,"template":"","meta":[],"product_cat":[41],"product_tag":[],"class_list":["post-2753","product","type-product","status-publish","has-post-thumbnail","hentry","product_cat-non-classe"],"acf":[],"_links":{"self":[{"href":"https:\/\/www.galadrielgestin.com\/en\/wp-json\/wp\/v2\/product\/2753","targetHints":{"allow":["GET"]}}],"collection":[{"href":"https:\/\/www.galadrielgestin.com\/en\/wp-json\/wp\/v2\/product"}],"about":[{"href":"https:\/\/www.galadrielgestin.com\/en\/wp-json\/wp\/v2\/types\/product"}],"wp:featuredmedia":[{"embeddable":true,"href":"https:\/\/www.galadrielgestin.com\/en\/wp-json\/wp\/v2\/media\/2754"}],"wp:attachment":[{"href":"https:\/\/www.galadrielgestin.com\/en\/wp-json\/wp\/v2\/media?parent=2753"}],"wp:term":[{"taxonomy":"product_cat","embeddable":true,"href":"https:\/\/www.galadrielgestin.com\/en\/wp-json\/wp\/v2\/product_cat?post=2753"},{"taxonomy":"product_tag","embeddable":true,"href":"https:\/\/www.galadrielgestin.com\/en\/wp-json\/wp\/v2\/product_tag?post=2753"}],"curies":[{"name":"wp","href":"https:\/\/api.w.org\/{rel}","templated":true}]}}