{"id":2737,"date":"2020-08-04T11:36:08","date_gmt":"2020-08-04T09:36:08","guid":{"rendered":"http:\/\/www.galadrielgestin.com\/?post_type=product&#038;p=2737"},"modified":"2020-08-04T11:36:09","modified_gmt":"2020-08-04T09:36:09","slug":"647-je-venais-de-detruire-la-machine-a-voyager-sans-deplacement-quand-je-me-rendis-compte-que-je-netais-pas-completement-revenu","status":"publish","type":"product","link":"https:\/\/www.galadrielgestin.com\/en\/product\/647-je-venais-de-detruire-la-machine-a-voyager-sans-deplacement-quand-je-me-rendis-compte-que-je-netais-pas-completement-revenu\/","title":{"rendered":"647-Je  venais de d\u00e9truire la machine \u00e0 voyager sans d\u00e9placement, quand je me rendis compte que je n&rsquo;\u00e9tais pas compl\u00e8tement revenu"},"content":{"rendered":"","protected":false},"excerpt":{"rendered":"","protected":false},"featured_media":2738,"template":"","meta":[],"product_cat":[41],"product_tag":[],"class_list":["post-2737","product","type-product","status-publish","has-post-thumbnail","hentry","product_cat-non-classe"],"acf":[],"_links":{"self":[{"href":"https:\/\/www.galadrielgestin.com\/en\/wp-json\/wp\/v2\/product\/2737","targetHints":{"allow":["GET"]}}],"collection":[{"href":"https:\/\/www.galadrielgestin.com\/en\/wp-json\/wp\/v2\/product"}],"about":[{"href":"https:\/\/www.galadrielgestin.com\/en\/wp-json\/wp\/v2\/types\/product"}],"wp:featuredmedia":[{"embeddable":true,"href":"https:\/\/www.galadrielgestin.com\/en\/wp-json\/wp\/v2\/media\/2738"}],"wp:attachment":[{"href":"https:\/\/www.galadrielgestin.com\/en\/wp-json\/wp\/v2\/media?parent=2737"}],"wp:term":[{"taxonomy":"product_cat","embeddable":true,"href":"https:\/\/www.galadrielgestin.com\/en\/wp-json\/wp\/v2\/product_cat?post=2737"},{"taxonomy":"product_tag","embeddable":true,"href":"https:\/\/www.galadrielgestin.com\/en\/wp-json\/wp\/v2\/product_tag?post=2737"}],"curies":[{"name":"wp","href":"https:\/\/api.w.org\/{rel}","templated":true}]}}