{"id":2727,"date":"2020-08-04T11:19:21","date_gmt":"2020-08-04T09:19:21","guid":{"rendered":"http:\/\/www.galadrielgestin.com\/?post_type=product&#038;p=2727"},"modified":"2020-08-04T11:19:22","modified_gmt":"2020-08-04T09:19:22","slug":"792-desole-pour-les-cendres-la-ou-tu-tarretes-la-ou-je-commence-vraiment","status":"publish","type":"product","link":"https:\/\/www.galadrielgestin.com\/en\/product\/792-desole-pour-les-cendres-la-ou-tu-tarretes-la-ou-je-commence-vraiment\/","title":{"rendered":"792-D\u00e9sol\u00e9 pour les cendres l\u00e0 o\u00f9 tu t&rsquo;arr\u00eates, l\u00e0 o\u00f9 je commence vraiment"},"content":{"rendered":"","protected":false},"excerpt":{"rendered":"","protected":false},"featured_media":2728,"template":"","meta":[],"product_cat":[41],"product_tag":[],"class_list":["post-2727","product","type-product","status-publish","has-post-thumbnail","hentry","product_cat-non-classe"],"acf":[],"_links":{"self":[{"href":"https:\/\/www.galadrielgestin.com\/en\/wp-json\/wp\/v2\/product\/2727","targetHints":{"allow":["GET"]}}],"collection":[{"href":"https:\/\/www.galadrielgestin.com\/en\/wp-json\/wp\/v2\/product"}],"about":[{"href":"https:\/\/www.galadrielgestin.com\/en\/wp-json\/wp\/v2\/types\/product"}],"wp:featuredmedia":[{"embeddable":true,"href":"https:\/\/www.galadrielgestin.com\/en\/wp-json\/wp\/v2\/media\/2728"}],"wp:attachment":[{"href":"https:\/\/www.galadrielgestin.com\/en\/wp-json\/wp\/v2\/media?parent=2727"}],"wp:term":[{"taxonomy":"product_cat","embeddable":true,"href":"https:\/\/www.galadrielgestin.com\/en\/wp-json\/wp\/v2\/product_cat?post=2727"},{"taxonomy":"product_tag","embeddable":true,"href":"https:\/\/www.galadrielgestin.com\/en\/wp-json\/wp\/v2\/product_tag?post=2727"}],"curies":[{"name":"wp","href":"https:\/\/api.w.org\/{rel}","templated":true}]}}