{"id":2709,"date":"2020-08-01T12:10:53","date_gmt":"2020-08-01T10:10:53","guid":{"rendered":"http:\/\/www.galadrielgestin.com\/?post_type=product&#038;p=2709"},"modified":"2020-08-01T12:10:53","modified_gmt":"2020-08-01T10:10:53","slug":"638-au-meme-instant-tous-les-etres-humains-de-lhemisphere-nord-tournerent-simultanement-la-tete-vers-la-droite","status":"publish","type":"product","link":"https:\/\/www.galadrielgestin.com\/en\/product\/638-au-meme-instant-tous-les-etres-humains-de-lhemisphere-nord-tournerent-simultanement-la-tete-vers-la-droite\/","title":{"rendered":"638-Au m\u00eame instant tous les \u00eatres humains de l&rsquo;h\u00e9misph\u00e8re Nord tourn\u00e8rent simultan\u00e9ment la t\u00eate vers la droite"},"content":{"rendered":"","protected":false},"excerpt":{"rendered":"","protected":false},"featured_media":2710,"template":"","meta":[],"product_cat":[41],"product_tag":[],"class_list":["post-2709","product","type-product","status-publish","has-post-thumbnail","hentry","product_cat-non-classe"],"acf":[],"_links":{"self":[{"href":"https:\/\/www.galadrielgestin.com\/en\/wp-json\/wp\/v2\/product\/2709","targetHints":{"allow":["GET"]}}],"collection":[{"href":"https:\/\/www.galadrielgestin.com\/en\/wp-json\/wp\/v2\/product"}],"about":[{"href":"https:\/\/www.galadrielgestin.com\/en\/wp-json\/wp\/v2\/types\/product"}],"wp:featuredmedia":[{"embeddable":true,"href":"https:\/\/www.galadrielgestin.com\/en\/wp-json\/wp\/v2\/media\/2710"}],"wp:attachment":[{"href":"https:\/\/www.galadrielgestin.com\/en\/wp-json\/wp\/v2\/media?parent=2709"}],"wp:term":[{"taxonomy":"product_cat","embeddable":true,"href":"https:\/\/www.galadrielgestin.com\/en\/wp-json\/wp\/v2\/product_cat?post=2709"},{"taxonomy":"product_tag","embeddable":true,"href":"https:\/\/www.galadrielgestin.com\/en\/wp-json\/wp\/v2\/product_tag?post=2709"}],"curies":[{"name":"wp","href":"https:\/\/api.w.org\/{rel}","templated":true}]}}