{"id":2675,"date":"2020-08-01T11:09:10","date_gmt":"2020-08-01T09:09:10","guid":{"rendered":"http:\/\/www.galadrielgestin.com\/?post_type=product&#038;p=2675"},"modified":"2020-08-01T11:09:11","modified_gmt":"2020-08-01T09:09:11","slug":"732-je-tavais-supplie-de-me-poignarder-mais-tu-nas-fait-que-faire-un-trou-dans-ma-chemise-preferee","status":"publish","type":"product","link":"https:\/\/www.galadrielgestin.com\/en\/product\/732-je-tavais-supplie-de-me-poignarder-mais-tu-nas-fait-que-faire-un-trou-dans-ma-chemise-preferee\/","title":{"rendered":"732-Je t&rsquo;avais suppli\u00e9 de me poignarder mais tu n&rsquo;as fait que faire un trou dans ma chemise pr\u00e9f\u00e9r\u00e9e"},"content":{"rendered":"","protected":false},"excerpt":{"rendered":"","protected":false},"featured_media":2676,"template":"","meta":[],"product_cat":[41],"product_tag":[],"class_list":["post-2675","product","type-product","status-publish","has-post-thumbnail","hentry","product_cat-non-classe"],"acf":[],"_links":{"self":[{"href":"https:\/\/www.galadrielgestin.com\/en\/wp-json\/wp\/v2\/product\/2675","targetHints":{"allow":["GET"]}}],"collection":[{"href":"https:\/\/www.galadrielgestin.com\/en\/wp-json\/wp\/v2\/product"}],"about":[{"href":"https:\/\/www.galadrielgestin.com\/en\/wp-json\/wp\/v2\/types\/product"}],"wp:featuredmedia":[{"embeddable":true,"href":"https:\/\/www.galadrielgestin.com\/en\/wp-json\/wp\/v2\/media\/2676"}],"wp:attachment":[{"href":"https:\/\/www.galadrielgestin.com\/en\/wp-json\/wp\/v2\/media?parent=2675"}],"wp:term":[{"taxonomy":"product_cat","embeddable":true,"href":"https:\/\/www.galadrielgestin.com\/en\/wp-json\/wp\/v2\/product_cat?post=2675"},{"taxonomy":"product_tag","embeddable":true,"href":"https:\/\/www.galadrielgestin.com\/en\/wp-json\/wp\/v2\/product_tag?post=2675"}],"curies":[{"name":"wp","href":"https:\/\/api.w.org\/{rel}","templated":true}]}}