{"id":2666,"date":"2020-08-01T10:50:37","date_gmt":"2020-08-01T08:50:37","guid":{"rendered":"http:\/\/www.galadrielgestin.com\/?post_type=product&#038;p=2666"},"modified":"2020-08-01T10:50:38","modified_gmt":"2020-08-01T08:50:38","slug":"743-hey-idiote-cest-toi-qui-voulais-savoir-a-quoi-je-pensaisvegetarien-mon-cul","status":"publish","type":"product","link":"https:\/\/www.galadrielgestin.com\/en\/product\/743-hey-idiote-cest-toi-qui-voulais-savoir-a-quoi-je-pensaisvegetarien-mon-cul\/","title":{"rendered":"743-Hey Idiote&#8230;c&rsquo;est toi qui voulais savoir \u00e0 quoi je pensais!+v\u00e9g\u00e9tarien mon cul"},"content":{"rendered":"","protected":false},"excerpt":{"rendered":"","protected":false},"featured_media":2667,"template":"","meta":[],"product_cat":[41],"product_tag":[],"class_list":["post-2666","product","type-product","status-publish","has-post-thumbnail","hentry","product_cat-non-classe"],"acf":[],"_links":{"self":[{"href":"https:\/\/www.galadrielgestin.com\/en\/wp-json\/wp\/v2\/product\/2666","targetHints":{"allow":["GET"]}}],"collection":[{"href":"https:\/\/www.galadrielgestin.com\/en\/wp-json\/wp\/v2\/product"}],"about":[{"href":"https:\/\/www.galadrielgestin.com\/en\/wp-json\/wp\/v2\/types\/product"}],"wp:featuredmedia":[{"embeddable":true,"href":"https:\/\/www.galadrielgestin.com\/en\/wp-json\/wp\/v2\/media\/2667"}],"wp:attachment":[{"href":"https:\/\/www.galadrielgestin.com\/en\/wp-json\/wp\/v2\/media?parent=2666"}],"wp:term":[{"taxonomy":"product_cat","embeddable":true,"href":"https:\/\/www.galadrielgestin.com\/en\/wp-json\/wp\/v2\/product_cat?post=2666"},{"taxonomy":"product_tag","embeddable":true,"href":"https:\/\/www.galadrielgestin.com\/en\/wp-json\/wp\/v2\/product_tag?post=2666"}],"curies":[{"name":"wp","href":"https:\/\/api.w.org\/{rel}","templated":true}]}}