{"id":2647,"date":"2020-08-01T10:11:02","date_gmt":"2020-08-01T08:11:02","guid":{"rendered":"http:\/\/www.galadrielgestin.com\/?post_type=product&#038;p=2647"},"modified":"2020-08-01T10:11:03","modified_gmt":"2020-08-01T08:11:03","slug":"787-la-folie-gratte-derriere-les-paupieres-mais-je-ne-suis-pas-tout-a-fait-la","status":"publish","type":"product","link":"https:\/\/www.galadrielgestin.com\/en\/product\/787-la-folie-gratte-derriere-les-paupieres-mais-je-ne-suis-pas-tout-a-fait-la\/","title":{"rendered":"787-La folie gratte derri\u00e8re les paupi\u00e8res mais je ne suis pas tout \u00e0 fait l\u00e0"},"content":{"rendered":"","protected":false},"excerpt":{"rendered":"","protected":false},"featured_media":2649,"template":"","meta":[],"product_cat":[41],"product_tag":[],"class_list":["post-2647","product","type-product","status-publish","has-post-thumbnail","hentry","product_cat-non-classe"],"acf":[],"_links":{"self":[{"href":"https:\/\/www.galadrielgestin.com\/en\/wp-json\/wp\/v2\/product\/2647","targetHints":{"allow":["GET"]}}],"collection":[{"href":"https:\/\/www.galadrielgestin.com\/en\/wp-json\/wp\/v2\/product"}],"about":[{"href":"https:\/\/www.galadrielgestin.com\/en\/wp-json\/wp\/v2\/types\/product"}],"wp:featuredmedia":[{"embeddable":true,"href":"https:\/\/www.galadrielgestin.com\/en\/wp-json\/wp\/v2\/media\/2649"}],"wp:attachment":[{"href":"https:\/\/www.galadrielgestin.com\/en\/wp-json\/wp\/v2\/media?parent=2647"}],"wp:term":[{"taxonomy":"product_cat","embeddable":true,"href":"https:\/\/www.galadrielgestin.com\/en\/wp-json\/wp\/v2\/product_cat?post=2647"},{"taxonomy":"product_tag","embeddable":true,"href":"https:\/\/www.galadrielgestin.com\/en\/wp-json\/wp\/v2\/product_tag?post=2647"}],"curies":[{"name":"wp","href":"https:\/\/api.w.org\/{rel}","templated":true}]}}