{"id":2608,"date":"2020-07-28T08:44:41","date_gmt":"2020-07-28T06:44:41","guid":{"rendered":"http:\/\/www.galadrielgestin.com\/?post_type=product&#038;p=2608"},"modified":"2020-07-28T08:44:42","modified_gmt":"2020-07-28T06:44:42","slug":"1272-realite-alternative-19-04-planche-anatomique-du-sujet-23-le-sujet-na-pas-survecu-a-lextraction-quantique-acrylique-sur-papyrus-45-cm-35cm","status":"publish","type":"product","link":"https:\/\/www.galadrielgestin.com\/en\/product\/1272-realite-alternative-19-04-planche-anatomique-du-sujet-23-le-sujet-na-pas-survecu-a-lextraction-quantique-acrylique-sur-papyrus-45-cm-35cm\/","title":{"rendered":"1272-R\u00e9alit\u00e9 alternative 19.04 Planche anatomique du sujet 23. Le sujet n&rsquo;a pas surv\u00e9cu \u00e0 l&rsquo;extraction quantique (acrylique sur papyrus (45 cm.35cm)"},"content":{"rendered":"","protected":false},"excerpt":{"rendered":"","protected":false},"featured_media":2609,"template":"","meta":[],"product_cat":[41],"product_tag":[],"class_list":["post-2608","product","type-product","status-publish","has-post-thumbnail","hentry","product_cat-non-classe"],"acf":[],"_links":{"self":[{"href":"https:\/\/www.galadrielgestin.com\/en\/wp-json\/wp\/v2\/product\/2608","targetHints":{"allow":["GET"]}}],"collection":[{"href":"https:\/\/www.galadrielgestin.com\/en\/wp-json\/wp\/v2\/product"}],"about":[{"href":"https:\/\/www.galadrielgestin.com\/en\/wp-json\/wp\/v2\/types\/product"}],"wp:featuredmedia":[{"embeddable":true,"href":"https:\/\/www.galadrielgestin.com\/en\/wp-json\/wp\/v2\/media\/2609"}],"wp:attachment":[{"href":"https:\/\/www.galadrielgestin.com\/en\/wp-json\/wp\/v2\/media?parent=2608"}],"wp:term":[{"taxonomy":"product_cat","embeddable":true,"href":"https:\/\/www.galadrielgestin.com\/en\/wp-json\/wp\/v2\/product_cat?post=2608"},{"taxonomy":"product_tag","embeddable":true,"href":"https:\/\/www.galadrielgestin.com\/en\/wp-json\/wp\/v2\/product_tag?post=2608"}],"curies":[{"name":"wp","href":"https:\/\/api.w.org\/{rel}","templated":true}]}}