{"id":2567,"date":"2020-07-25T23:17:00","date_gmt":"2020-07-25T21:17:00","guid":{"rendered":"http:\/\/www.galadrielgestin.com\/?post_type=product&#038;p=2567"},"modified":"2020-07-25T23:17:01","modified_gmt":"2020-07-25T21:17:01","slug":"1238-tire-a-4-epingles-pour-des-funerailles-de-36524-jours","status":"publish","type":"product","link":"https:\/\/www.galadrielgestin.com\/en\/product\/1238-tire-a-4-epingles-pour-des-funerailles-de-36524-jours\/","title":{"rendered":"1238-Tir\u00e9 \u00e0 4 \u00e9pingles pour des fun\u00e9railles de 36524 jours"},"content":{"rendered":"","protected":false},"excerpt":{"rendered":"","protected":false},"featured_media":2559,"template":"","meta":[],"product_cat":[41],"product_tag":[],"class_list":["post-2567","product","type-product","status-publish","has-post-thumbnail","hentry","product_cat-non-classe"],"acf":[],"_links":{"self":[{"href":"https:\/\/www.galadrielgestin.com\/en\/wp-json\/wp\/v2\/product\/2567","targetHints":{"allow":["GET"]}}],"collection":[{"href":"https:\/\/www.galadrielgestin.com\/en\/wp-json\/wp\/v2\/product"}],"about":[{"href":"https:\/\/www.galadrielgestin.com\/en\/wp-json\/wp\/v2\/types\/product"}],"wp:featuredmedia":[{"embeddable":true,"href":"https:\/\/www.galadrielgestin.com\/en\/wp-json\/wp\/v2\/media\/2559"}],"wp:attachment":[{"href":"https:\/\/www.galadrielgestin.com\/en\/wp-json\/wp\/v2\/media?parent=2567"}],"wp:term":[{"taxonomy":"product_cat","embeddable":true,"href":"https:\/\/www.galadrielgestin.com\/en\/wp-json\/wp\/v2\/product_cat?post=2567"},{"taxonomy":"product_tag","embeddable":true,"href":"https:\/\/www.galadrielgestin.com\/en\/wp-json\/wp\/v2\/product_tag?post=2567"}],"curies":[{"name":"wp","href":"https:\/\/api.w.org\/{rel}","templated":true}]}}