{"id":2110,"date":"2019-11-07T15:26:52","date_gmt":"2019-11-07T14:26:52","guid":{"rendered":"http:\/\/www.galadrielgestin.com\/?post_type=product&#038;p=2110"},"modified":"2019-11-07T15:26:53","modified_gmt":"2019-11-07T14:26:53","slug":"593-cest-dans-ces-moments-la-que-je-reapprends-a-respirer","status":"publish","type":"product","link":"https:\/\/www.galadrielgestin.com\/en\/product\/593-cest-dans-ces-moments-la-que-je-reapprends-a-respirer\/","title":{"rendered":"593-C&rsquo;est dans ces moments l\u00e0 que je r\u00e9apprends \u00e0 respirer"},"content":{"rendered":"","protected":false},"excerpt":{"rendered":"","protected":false},"featured_media":2111,"template":"","meta":[],"product_cat":[41],"product_tag":[],"class_list":["post-2110","product","type-product","status-publish","has-post-thumbnail","hentry","product_cat-non-classe"],"acf":[],"_links":{"self":[{"href":"https:\/\/www.galadrielgestin.com\/en\/wp-json\/wp\/v2\/product\/2110","targetHints":{"allow":["GET"]}}],"collection":[{"href":"https:\/\/www.galadrielgestin.com\/en\/wp-json\/wp\/v2\/product"}],"about":[{"href":"https:\/\/www.galadrielgestin.com\/en\/wp-json\/wp\/v2\/types\/product"}],"wp:featuredmedia":[{"embeddable":true,"href":"https:\/\/www.galadrielgestin.com\/en\/wp-json\/wp\/v2\/media\/2111"}],"wp:attachment":[{"href":"https:\/\/www.galadrielgestin.com\/en\/wp-json\/wp\/v2\/media?parent=2110"}],"wp:term":[{"taxonomy":"product_cat","embeddable":true,"href":"https:\/\/www.galadrielgestin.com\/en\/wp-json\/wp\/v2\/product_cat?post=2110"},{"taxonomy":"product_tag","embeddable":true,"href":"https:\/\/www.galadrielgestin.com\/en\/wp-json\/wp\/v2\/product_tag?post=2110"}],"curies":[{"name":"wp","href":"https:\/\/api.w.org\/{rel}","templated":true}]}}