{"id":2026,"date":"2019-11-06T15:43:22","date_gmt":"2019-11-06T14:43:22","guid":{"rendered":"http:\/\/www.galadrielgestin.com\/?post_type=product&#038;p=2026"},"modified":"2019-11-06T15:43:23","modified_gmt":"2019-11-06T14:43:23","slug":"555-la-nuit-derniere-jai-reve-que-je-retournais-a-manderley","status":"publish","type":"product","link":"https:\/\/www.galadrielgestin.com\/en\/product\/555-la-nuit-derniere-jai-reve-que-je-retournais-a-manderley\/","title":{"rendered":"555-La nuit derni\u00e8re j&rsquo;ai r\u00eav\u00e9 que je retournais \u00e0 Manderley"},"content":{"rendered":"","protected":false},"excerpt":{"rendered":"","protected":false},"featured_media":2027,"template":"","meta":[],"product_cat":[41],"product_tag":[],"class_list":["post-2026","product","type-product","status-publish","has-post-thumbnail","hentry","product_cat-non-classe"],"acf":[],"_links":{"self":[{"href":"https:\/\/www.galadrielgestin.com\/en\/wp-json\/wp\/v2\/product\/2026","targetHints":{"allow":["GET"]}}],"collection":[{"href":"https:\/\/www.galadrielgestin.com\/en\/wp-json\/wp\/v2\/product"}],"about":[{"href":"https:\/\/www.galadrielgestin.com\/en\/wp-json\/wp\/v2\/types\/product"}],"wp:featuredmedia":[{"embeddable":true,"href":"https:\/\/www.galadrielgestin.com\/en\/wp-json\/wp\/v2\/media\/2027"}],"wp:attachment":[{"href":"https:\/\/www.galadrielgestin.com\/en\/wp-json\/wp\/v2\/media?parent=2026"}],"wp:term":[{"taxonomy":"product_cat","embeddable":true,"href":"https:\/\/www.galadrielgestin.com\/en\/wp-json\/wp\/v2\/product_cat?post=2026"},{"taxonomy":"product_tag","embeddable":true,"href":"https:\/\/www.galadrielgestin.com\/en\/wp-json\/wp\/v2\/product_tag?post=2026"}],"curies":[{"name":"wp","href":"https:\/\/api.w.org\/{rel}","templated":true}]}}