{"id":1981,"date":"2019-11-05T16:04:13","date_gmt":"2019-11-05T15:04:13","guid":{"rendered":"http:\/\/www.galadrielgestin.com\/?post_type=product&#038;p=1981"},"modified":"2019-11-05T16:04:14","modified_gmt":"2019-11-05T15:04:14","slug":"533-comment-disparaitre-tout-a-fait-et-ne-revenir-qua-moitie","status":"publish","type":"product","link":"https:\/\/www.galadrielgestin.com\/en\/product\/533-comment-disparaitre-tout-a-fait-et-ne-revenir-qua-moitie\/","title":{"rendered":"533-Comment dispara\u00eetre tout \u00e0 fait et ne revenir qu&rsquo;\u00e0 moiti\u00e9"},"content":{"rendered":"","protected":false},"excerpt":{"rendered":"","protected":false},"featured_media":1982,"template":"","meta":[],"product_cat":[41],"product_tag":[],"class_list":["post-1981","product","type-product","status-publish","has-post-thumbnail","hentry","product_cat-non-classe"],"acf":[],"_links":{"self":[{"href":"https:\/\/www.galadrielgestin.com\/en\/wp-json\/wp\/v2\/product\/1981","targetHints":{"allow":["GET"]}}],"collection":[{"href":"https:\/\/www.galadrielgestin.com\/en\/wp-json\/wp\/v2\/product"}],"about":[{"href":"https:\/\/www.galadrielgestin.com\/en\/wp-json\/wp\/v2\/types\/product"}],"wp:featuredmedia":[{"embeddable":true,"href":"https:\/\/www.galadrielgestin.com\/en\/wp-json\/wp\/v2\/media\/1982"}],"wp:attachment":[{"href":"https:\/\/www.galadrielgestin.com\/en\/wp-json\/wp\/v2\/media?parent=1981"}],"wp:term":[{"taxonomy":"product_cat","embeddable":true,"href":"https:\/\/www.galadrielgestin.com\/en\/wp-json\/wp\/v2\/product_cat?post=1981"},{"taxonomy":"product_tag","embeddable":true,"href":"https:\/\/www.galadrielgestin.com\/en\/wp-json\/wp\/v2\/product_tag?post=1981"}],"curies":[{"name":"wp","href":"https:\/\/api.w.org\/{rel}","templated":true}]}}