{"id":1935,"date":"2019-10-30T17:50:58","date_gmt":"2019-10-30T16:50:58","guid":{"rendered":"http:\/\/www.galadrielgestin.com\/?post_type=product&#038;p=1935"},"modified":"2019-10-30T17:50:58","modified_gmt":"2019-10-30T16:50:58","slug":"501-jai-traverse-un-putain-docean-deternite-pour-te-trouver-mais-tu-etais-mariee-et-jetais-trop-vieux","status":"publish","type":"product","link":"https:\/\/www.galadrielgestin.com\/en\/product\/501-jai-traverse-un-putain-docean-deternite-pour-te-trouver-mais-tu-etais-mariee-et-jetais-trop-vieux\/","title":{"rendered":"501-j&rsquo;ai travers\u00e9 un putain d&rsquo;oc\u00e9an d&rsquo;\u00e9ternit\u00e9 pour te trouver mais tu \u00e9tais mari\u00e9e et j&rsquo;\u00e9tais trop vieux"},"content":{"rendered":"","protected":false},"excerpt":{"rendered":"","protected":false},"featured_media":1936,"template":"","meta":[],"product_cat":[41],"product_tag":[],"class_list":["post-1935","product","type-product","status-publish","has-post-thumbnail","hentry","product_cat-non-classe"],"acf":[],"_links":{"self":[{"href":"https:\/\/www.galadrielgestin.com\/en\/wp-json\/wp\/v2\/product\/1935","targetHints":{"allow":["GET"]}}],"collection":[{"href":"https:\/\/www.galadrielgestin.com\/en\/wp-json\/wp\/v2\/product"}],"about":[{"href":"https:\/\/www.galadrielgestin.com\/en\/wp-json\/wp\/v2\/types\/product"}],"wp:featuredmedia":[{"embeddable":true,"href":"https:\/\/www.galadrielgestin.com\/en\/wp-json\/wp\/v2\/media\/1936"}],"wp:attachment":[{"href":"https:\/\/www.galadrielgestin.com\/en\/wp-json\/wp\/v2\/media?parent=1935"}],"wp:term":[{"taxonomy":"product_cat","embeddable":true,"href":"https:\/\/www.galadrielgestin.com\/en\/wp-json\/wp\/v2\/product_cat?post=1935"},{"taxonomy":"product_tag","embeddable":true,"href":"https:\/\/www.galadrielgestin.com\/en\/wp-json\/wp\/v2\/product_tag?post=1935"}],"curies":[{"name":"wp","href":"https:\/\/api.w.org\/{rel}","templated":true}]}}