{"id":1904,"date":"2019-10-29T16:36:55","date_gmt":"2019-10-29T15:36:55","guid":{"rendered":"http:\/\/www.galadrielgestin.com\/?post_type=product&#038;p=1904"},"modified":"2019-10-29T16:36:56","modified_gmt":"2019-10-29T15:36:56","slug":"483-tout-ce-dont-la-folie-a-besoin-cache-dans-la-poche-arriere-droite-de-mon-jeans","status":"publish","type":"product","link":"https:\/\/www.galadrielgestin.com\/en\/product\/483-tout-ce-dont-la-folie-a-besoin-cache-dans-la-poche-arriere-droite-de-mon-jeans\/","title":{"rendered":"483-Tout ce dont la folie \u00e0 besoin cach\u00e9 dans la poche arri\u00e8re droite de mon Jeans"},"content":{"rendered":"","protected":false},"excerpt":{"rendered":"","protected":false},"featured_media":1905,"template":"","meta":[],"product_cat":[41],"product_tag":[],"class_list":["post-1904","product","type-product","status-publish","has-post-thumbnail","hentry","product_cat-non-classe"],"acf":[],"_links":{"self":[{"href":"https:\/\/www.galadrielgestin.com\/en\/wp-json\/wp\/v2\/product\/1904","targetHints":{"allow":["GET"]}}],"collection":[{"href":"https:\/\/www.galadrielgestin.com\/en\/wp-json\/wp\/v2\/product"}],"about":[{"href":"https:\/\/www.galadrielgestin.com\/en\/wp-json\/wp\/v2\/types\/product"}],"wp:featuredmedia":[{"embeddable":true,"href":"https:\/\/www.galadrielgestin.com\/en\/wp-json\/wp\/v2\/media\/1905"}],"wp:attachment":[{"href":"https:\/\/www.galadrielgestin.com\/en\/wp-json\/wp\/v2\/media?parent=1904"}],"wp:term":[{"taxonomy":"product_cat","embeddable":true,"href":"https:\/\/www.galadrielgestin.com\/en\/wp-json\/wp\/v2\/product_cat?post=1904"},{"taxonomy":"product_tag","embeddable":true,"href":"https:\/\/www.galadrielgestin.com\/en\/wp-json\/wp\/v2\/product_tag?post=1904"}],"curies":[{"name":"wp","href":"https:\/\/api.w.org\/{rel}","templated":true}]}}